{"id":482,"date":"2018-09-04T09:00:50","date_gmt":"2018-09-04T09:00:50","guid":{"rendered":"https:\/\/sapifeed.com\/politica-de-cookies\/"},"modified":"2018-09-04T09:00:50","modified_gmt":"2018-09-04T09:00:50","slug":"politica-de-cookies","status":"publish","type":"page","link":"https:\/\/sapifeed.com\/en\/politica-de-cookies\/","title":{"rendered":"Pol\u00edtica de cookies"},"content":{"rendered":"<div class=\"wpb-content-wrapper\"><p>[vc_row padding_top=&#8221;40&#8243; padding_bottom=&#8221;40&#8243;][vc_column width=&#8221;1\/6&#8243;][\/vc_column][vc_column width=&#8221;2\/3&#8243;][vc_column_text text_style=&#8221;subtitle&#8221;]<\/p>\n<h1 style=\"text-align: left;\">Pol\u00edtica de cookies<\/h1>\n<p>[\/vc_column_text][vc_column_text]<\/p>\n<h2>\u00bfQu\u00e9 es una cookie y para qu\u00e9 sirve?<\/h2>\n<p>Una \u201ccookie\u201d es un peque\u00f1o archivo que se almacena en el ordenador del usuario, tablet, smartphone o cualquier otro dispositivo con informaci\u00f3n sobre la navegaci\u00f3n. El conjunto de \u201ccookies\u201d de todos nuestros usuarios nos ayuda a mejorar la calidad de nuestra web, permiti\u00e9ndonos controlar qu\u00e9 p\u00e1ginas son \u00fatiles, cu\u00e1les no y cu\u00e1les son susceptibles de mejora. Las cookies son esenciales para el funcionamiento de internet, aportando innumerables ventajas en la prestaci\u00f3n de servicios interactivos, facilit\u00e1ndote la navegaci\u00f3n y usabilidad de nuestra web. En ning\u00fan caso las cookies podr\u00edan da\u00f1ar tu equipo. Por contra, el que est\u00e9n activas nos ayuda a identificar y resolver los errores.<\/p>\n<h2>\u00bfQu\u00e9 tipos de cookies utilizamos?<\/h2>\n<p>Seg\u00fan la entidad que la gestiona:<\/p>\n<p><strong>Cookies propias: <\/strong>Son aquellas que se env\u00edan a tu equipo desde nuestros propios equipos o dominios y desde el que prestamos el servicio que nos solicitas.<\/p>\n<p>Seg\u00fan el plazo de tiempo que permanecen activadas:<\/p>\n<p><strong>Cookies de sesi\u00f3n<\/strong> Son cookies temporales que permanecen en el archivo de cookies de tu navegador hasta que abandonas la p\u00e1gina web, por lo que ninguna queda registrada en el disco duro de tu ordenador. La informaci\u00f3n obtenida por medio de estas cookies, sirven para analizar pautas de tr\u00e1fico en la web. A la larga, esto nos permite proporcionar una mejor experiencia para mejorar el contenido y facilitar su uso.<\/p>\n<p><strong>Cookies persistentes<\/strong> Son almacenadas en el disco duro y nuestra web las lee cada vez que realizas una nueva visita. Una web permanente posee una fecha de expiraci\u00f3n determinada. La cookie dejar\u00e1 de funcionar despu\u00e9s de esa fecha.<\/p>\n<p>Seg\u00fan su finalidad:<\/p>\n<p><strong>Cookies t\u00e9cnicas<\/strong> Son aquellas necesarias para la navegaci\u00f3n y el buen funcionamiento de nuestra p\u00e1gina web. Permiten por ejemplo, controlar el tr\u00e1fico y la comunicaci\u00f3n de datos, acceder a partes de acceso restringido, realizar el proceso de compra de un pedido, utilizar elementos de seguridad, almacenar contenidos para poder difundir v\u00eddeos o compartir contenidos a trav\u00e9s de redes sociales.<\/p>\n<h2>\u00bfC\u00f3mo puedes configurar o deshabilitar tus cookies?<\/h2>\n<p>Puedes permitir, bloquear o eliminar las cookies instaladas en tu equipo mediante la configuraci\u00f3n de las opciones de tu navegador de Internet. En caso de que no permitas la instalaci\u00f3n de cookies en tu navegador es posible que no puedas acceder a algunos de los servicios y que tu experiencia en nuestra web pueda resultar menos satisfactoria.<\/p>\n<h2>Consentimiento<\/h2>\n<p>Para que podamos utilizar estas cookies ser\u00e1 necesario que las consientas, consentimiento que otorgas al seguir navegando por nuestra web.[\/vc_column_text][\/vc_column][vc_column width=&#8221;1\/6&#8243;][\/vc_column][\/vc_row]<\/p>\n<\/div>","protected":false},"excerpt":{"rendered":"<p>[vc_row padding_top=&#8221;40&#8243; padding_bottom=&#8221;40&#8243;][vc_column width=&#8221;1\/6&#8243;][\/vc_column][vc_column width=&#8221;2\/3&#8243;][vc_column_text text_style=&#8221;subtitle&#8221;] Pol\u00edtica de cookies [\/vc_column_text][vc_column_text] \u00bfQu\u00e9 es una cookie y para qu\u00e9 sirve? Una \u201ccookie\u201d es un peque\u00f1o archivo que se almacena en el ordenador del usuario, tablet, smartphone o cualquier otro dispositivo con informaci\u00f3n sobre la navegaci\u00f3n. El conjunto de \u201ccookies\u201d de todos nuestros usuarios nos ayuda a mejorar [&hellip;]<\/p>\n","protected":false},"author":1,"featured_media":0,"parent":0,"menu_order":8,"comment_status":"closed","ping_status":"closed","template":"","meta":{"footnotes":""},"class_list":["post-482","page","type-page","status-publish","hentry"],"_links":{"self":[{"href":"https:\/\/sapifeed.com\/en\/wp-json\/wp\/v2\/pages\/482","targetHints":{"allow":["GET"]}}],"collection":[{"href":"https:\/\/sapifeed.com\/en\/wp-json\/wp\/v2\/pages"}],"about":[{"href":"https:\/\/sapifeed.com\/en\/wp-json\/wp\/v2\/types\/page"}],"author":[{"embeddable":true,"href":"https:\/\/sapifeed.com\/en\/wp-json\/wp\/v2\/users\/1"}],"replies":[{"embeddable":true,"href":"https:\/\/sapifeed.com\/en\/wp-json\/wp\/v2\/comments?post=482"}],"version-history":[{"count":0,"href":"https:\/\/sapifeed.com\/en\/wp-json\/wp\/v2\/pages\/482\/revisions"}],"wp:attachment":[{"href":"https:\/\/sapifeed.com\/en\/wp-json\/wp\/v2\/media?parent=482"}],"curies":[{"name":"wp","href":"https:\/\/api.w.org\/{rel}","templated":true}]}}