{"id":481,"date":"2018-09-04T08:59:35","date_gmt":"2018-09-04T08:59:35","guid":{"rendered":"https:\/\/sapifeed.com\/politica-de-privacidad\/"},"modified":"2018-09-04T08:59:35","modified_gmt":"2018-09-04T08:59:35","slug":"politica-de-privacidad","status":"publish","type":"page","link":"https:\/\/sapifeed.com\/en\/politica-de-privacidad\/","title":{"rendered":"Pol\u00edtica de privacidad"},"content":{"rendered":"<div class=\"wpb-content-wrapper\"><p>[vc_row padding_top=&#8221;40&#8243; padding_bottom=&#8221;40&#8243;][vc_column width=&#8221;1\/6&#8243;][\/vc_column][vc_column width=&#8221;2\/3&#8243;][vc_column_text text_style=&#8221;subtitle&#8221;]<\/p>\n<h1 style=\"text-align: left;\">Pol\u00edtica de privacidad<\/h1>\n<p style=\"text-align: left;\">Esta pol\u00edtica de privacidad ha sido redactada al amparo de lo dispuesto en el <strong>Reglamento (UE) 2016\/679 del Parlamento Europeo y del Consejo<\/strong> de 27 de abril de 2016 relativo a la protecci\u00f3n de las personas f\u00edsicas en lo que respecta al tratamiento de datos personales y a la libre circulaci\u00f3n de estos datos (RGPD), en la Ley Org\u00e1nica 15\/1999, de 13 de diciembre, de Protecci\u00f3n de Datos de Car\u00e1cter Personal (LOPD) y en su reglamento de desarrollo.<\/p>\n<p>[\/vc_column_text][vc_column_text]<strong>Identificaci\u00f3n del titular de la web <\/strong><\/p>\n<p>El titular de esta web es SAPI FEED S.A, con NIF A62378427, con domicilio a estos efectos en Paseo de Gracia 101, 3\u00ba 2\u00aa, 08008 Barcelona y direcci\u00f3n electr\u00f3nica de contacto administraci\u00f3n@sapifeed.com.<\/p>\n<p><strong>\u00bfQui\u00e9n es el responsable de los datos personales que recabamos en esta web?<\/strong><\/p>\n<p>El responsable del tratamiento es SAPI FEED S.A, con NIF A62378427, con domicilio a estos efectos en Paseo De Gracias 101, 3\u00ba 2\u00aa, 08008 Barcelona y direcci\u00f3n electr\u00f3nica de contacto administraci\u00f3n@sapifeed.com.<\/p>\n<p><strong>\u00bfQu\u00e9 derechos asisten al interesado?<\/strong><\/p>\n<p>El RGPD te otorga los siguientes derechos, que podr\u00e1s ejercerlos enviando un correo electr\u00f3nico a administracion@sapifeed.com.<\/p>\n<p><strong>Derecho de acceso<\/strong><\/p>\n<p>Tienes derecho a obtener confirmaci\u00f3n de si se est\u00e1n tratando o no datos personales que te conciernen y, en tal caso, derecho de acceso a los datos personales y a la informaci\u00f3n relacionada con su tratamiento.<\/p>\n<p>Tienes derecho a obtener una copia de los datos personales objeto de tratamiento.<\/p>\n<p><strong>Derecho de rectificaci\u00f3n<\/strong><\/p>\n<p>Tienes derecho a obtener sin dilaci\u00f3n indebida la rectificaci\u00f3n de los datos personales inexactos que te conciernen. Teniendo en cuenta los fines del tratamiento, tendr\u00e1s derecho a que se completen los datos personales que sean incompletos.<\/p>\n<p><strong>Derecho de supresi\u00f3n<\/strong><\/p>\n<p>Tienes derecho a obtener sin dilaci\u00f3n indebida la supresi\u00f3n de los datos personales que te conciernen.<\/p>\n<p>Estamos obligados a suprimir sin dilaci\u00f3n indebida los datos personales cuando concurra alguna de las circunstancias siguientes:<\/p>\n<ul>\n<li>los datos personales ya no sean necesarios en relaci\u00f3n con los fines para los que fueron recogidos o tratados de otro modo;<\/li>\n<li>el interesado retire el consentimiento prestado para fines espec\u00edficos o el consentimiento expreso prestado para el tratamiento de categor\u00edas especiales de datos, como los que revelen sus opiniones pol\u00edticas, mientras este tratamiento no se base en otro fundamento jur\u00eddico;<\/li>\n<li>el interesado se oponga al tratamiento por motivos relacionados con su situaci\u00f3n particular y no prevalezcan otros motivos leg\u00edtimos para el tratamiento;<\/li>\n<li>los datos personales hayan sido tratados il\u00edcitamente;<\/li>\n<li>los datos personales deban suprimirse para el cumplimiento de una obligaci\u00f3n legal establecida en el Derecho de la Uni\u00f3n o de los Estados miembros que se aplique al responsable del tratamiento.<\/li>\n<\/ul>\n<p>No ser\u00e1 aplicable la obligaci\u00f3n de supresi\u00f3n de los datos personales cuando el tratamiento sea necesario para:<\/p>\n<ul>\n<li>ejercer el derecho a la libertad de expresi\u00f3n e informaci\u00f3n;<\/li>\n<li>el cumplimiento de una obligaci\u00f3n legal que requiera el tratamiento de datos impuesta por el Derecho de la Uni\u00f3n o de los Estados miembros que se aplique al responsable del tratamiento;<\/li>\n<li>el cumplimiento de una misi\u00f3n realizada en inter\u00e9s p\u00fablico o en el ejercicio de poderes p\u00fablicos conferidos al responsable;<\/li>\n<li>con fines de archivo en inter\u00e9s p\u00fablico, fines de investigaci\u00f3n cient\u00edfica o hist\u00f3rica o fines estad\u00edsticos, en la medida en que el derecho a la supresi\u00f3n pudiera hacer imposible u obstaculizar gravemente el logro de los objetivos de dicho tratamiento;<\/li>\n<li>para la formulaci\u00f3n, el ejercicio o la defensa de reclamaciones.<\/li>\n<\/ul>\n<p><strong>Limitaci\u00f3n del tratamiento <\/strong><\/p>\n<p>Tienes derecho a obtener la limitaci\u00f3n del tratamiento de los datos cuando se cumpla alguna de las condiciones siguientes:<\/p>\n<ul>\n<li>Impugnes la exactitud de los datos personales, durante un plazo que nos permita verificar la exactitud de los mismos;<\/li>\n<li>El tratamiento sea il\u00edcito y te opongas a la supresi\u00f3n de los datos personales y solicites en su lugar la limitaci\u00f3n de su uso;<\/li>\n<li>No necesitemos los datos personales para los fines del tratamiento, pero los necesites para la formulaci\u00f3n, el ejercicio o la defensa de reclamaciones;<\/li>\n<li>Te hayas opuesto al tratamiento por motivos relacionados con tu situaci\u00f3n particular, mientras se verifica si los motivos leg\u00edtimos como responsable del tratamiento prevalecen sobre los del interesado.<\/li>\n<\/ul>\n<p><strong>Portabilidad de los datos<\/strong><\/p>\n<p>Tienes derecho a recibir los datos personales que te incumban, en un formato estructurado, de uso com\u00fan y lectura mec\u00e1nica.<\/p>\n<p><strong>Oposici\u00f3n al tratamiento<\/strong><\/p>\n<p>Tienes derecho a oponerte en cualquier momento, por motivos relacionados con tu situaci\u00f3n particular, a que datos personales que te conciernan sean objeto de un tratamiento basado en lo dispuesto en el art\u00edculo 6, apartado 1, letras e) o f) del RGPD. Dejaremos de tratar los datos personales, salvo que acreditemos motivos leg\u00edtimos imperiosos para el tratamiento que prevalezcan sobre los intereses, los derechos y las libertades del interesado, o para la formulaci\u00f3n, el ejercicio o la defensa de reclamaciones.<\/p>\n<p><strong>Revocaci\u00f3n del consentimiento<\/strong><\/p>\n<p>Tienes derecho a retirar en cualquier momento el consentimiento que nos diste para tratar tus datos personales.<\/p>\n<p><strong>Reclamaci\u00f3n ante las autoridades de protecci\u00f3n de datos<\/strong><\/p>\n<p>Tienes derechos a reclamar ante las autoridades de control en materia de protecci\u00f3n de datos si consideras que tus datos personales no est\u00e1n siendo tratados de forma correcta.[\/vc_column_text][\/vc_column][vc_column width=&#8221;1\/6&#8243;][\/vc_column][\/vc_row]<\/p>\n<\/div>","protected":false},"excerpt":{"rendered":"<p>[vc_row padding_top=&#8221;40&#8243; padding_bottom=&#8221;40&#8243;][vc_column width=&#8221;1\/6&#8243;][\/vc_column][vc_column width=&#8221;2\/3&#8243;][vc_column_text text_style=&#8221;subtitle&#8221;] Pol\u00edtica de privacidad Esta pol\u00edtica de privacidad ha sido redactada al amparo de lo dispuesto en el Reglamento (UE) 2016\/679 del Parlamento Europeo y del Consejo de 27 de abril de 2016 relativo a la protecci\u00f3n de las personas f\u00edsicas en lo que respecta al tratamiento de datos personales [&hellip;]<\/p>\n","protected":false},"author":1,"featured_media":0,"parent":0,"menu_order":7,"comment_status":"closed","ping_status":"closed","template":"","meta":{"footnotes":""},"class_list":["post-481","page","type-page","status-publish","hentry"],"_links":{"self":[{"href":"https:\/\/sapifeed.com\/en\/wp-json\/wp\/v2\/pages\/481","targetHints":{"allow":["GET"]}}],"collection":[{"href":"https:\/\/sapifeed.com\/en\/wp-json\/wp\/v2\/pages"}],"about":[{"href":"https:\/\/sapifeed.com\/en\/wp-json\/wp\/v2\/types\/page"}],"author":[{"embeddable":true,"href":"https:\/\/sapifeed.com\/en\/wp-json\/wp\/v2\/users\/1"}],"replies":[{"embeddable":true,"href":"https:\/\/sapifeed.com\/en\/wp-json\/wp\/v2\/comments?post=481"}],"version-history":[{"count":0,"href":"https:\/\/sapifeed.com\/en\/wp-json\/wp\/v2\/pages\/481\/revisions"}],"wp:attachment":[{"href":"https:\/\/sapifeed.com\/en\/wp-json\/wp\/v2\/media?parent=481"}],"curies":[{"name":"wp","href":"https:\/\/api.w.org\/{rel}","templated":true}]}}